{"id":286,"date":"2021-06-23T12:24:15","date_gmt":"2021-06-23T12:24:15","guid":{"rendered":"http:\/\/letaliscedivaca.si\/?page_id=286"},"modified":"2021-06-23T12:38:23","modified_gmt":"2021-06-23T12:38:23","slug":"predstavitev","status":"publish","type":"page","link":"https:\/\/letaliscedivaca.si\/?page_id=286","title":{"rendered":"Predstavitev"},"content":{"rendered":"<h1>Dobrodo\u0161li<\/h1>\n<p>Letali\u0161\u010de Diva\u010da je vpeto med Vrem\u0161\u010dico in \u0160kocjanskimi jamami, z asfaltno in travnato stezo.<\/p>\n<p>Klub zdru\u017euje ljubitelje letenja in vse, ki bodo to postali.<br \/>\nImamo veliko prostora in mnogo \u017eelja.<\/p>\n<p>V klubu deluje letalska \u0161ola jadralnega letenja Pegasus.<br \/>\n\u010ce vas mami svoboda ptic ali \u017eelite z njimi deliti nebo, poletite.<br \/>\nNa\u0161a lepa de\u017eela je izpod neba pravlji\u010dno \u010dudovita.<\/p>\n<p>OBI\u0160\u010cITE NAS, SKUPAJ POI\u0160\u010cEMO ODGOVORE!<\/p>\n<h2>Kontakt<\/h2>\n<h5>LETALSKI KLUB DIVA\u010cA<br \/>\n\u00bb LKD \u00bb<\/h5>\n<p>Kra\u0161ka cesta 69<br \/>\n6215 DIVA\u010cA<br \/>\nD\u0160: SI 55376797 TRR: SKB banka SI56 <strong>0318 1100 0405 728<\/strong><\/p>\n<p>Kontakt:<br \/>\n<a href=\"mailto:letaliscedivaca@gmail.com\">letaliscedivaca@gmail.com<\/a><br \/>\n+386 41 673 635<br \/>\n+386 41 345 521<\/p>\n","protected":false},"excerpt":{"rendered":"<p>Dobrodo\u0161li Letali\u0161\u010de Diva\u010da je vpeto med Vrem\u0161\u010dico in \u0160kocjanskimi jamami, z asfaltno in travnato stezo. Klub zdru\u017euje ljubitelje letenja in vse, ki bodo to postali. Imamo veliko prostora in mnogo \u017eelja. V klubu deluje letalska \u0161ola jadralnega letenja Pegasus. \u010ce vas mami svoboda ptic ali \u017eelite z njimi deliti nebo, poletite. Na\u0161a lepa de\u017eela je&hellip;<\/p>\n","protected":false},"author":1,"featured_media":0,"parent":0,"menu_order":0,"comment_status":"closed","ping_status":"closed","template":"","meta":{"footnotes":""},"class_list":["post-286","page","type-page","status-publish","hentry"],"_links":{"self":[{"href":"https:\/\/letaliscedivaca.si\/index.php?rest_route=\/wp\/v2\/pages\/286","targetHints":{"allow":["GET"]}}],"collection":[{"href":"https:\/\/letaliscedivaca.si\/index.php?rest_route=\/wp\/v2\/pages"}],"about":[{"href":"https:\/\/letaliscedivaca.si\/index.php?rest_route=\/wp\/v2\/types\/page"}],"author":[{"embeddable":true,"href":"https:\/\/letaliscedivaca.si\/index.php?rest_route=\/wp\/v2\/users\/1"}],"replies":[{"embeddable":true,"href":"https:\/\/letaliscedivaca.si\/index.php?rest_route=%2Fwp%2Fv2%2Fcomments&post=286"}],"version-history":[{"count":3,"href":"https:\/\/letaliscedivaca.si\/index.php?rest_route=\/wp\/v2\/pages\/286\/revisions"}],"predecessor-version":[{"id":289,"href":"https:\/\/letaliscedivaca.si\/index.php?rest_route=\/wp\/v2\/pages\/286\/revisions\/289"}],"wp:attachment":[{"href":"https:\/\/letaliscedivaca.si\/index.php?rest_route=%2Fwp%2Fv2%2Fmedia&parent=286"}],"curies":[{"name":"wp","href":"https:\/\/api.w.org\/{rel}","templated":true}]}}