{"id":5,"date":"2021-06-23T06:23:18","date_gmt":"2021-06-23T06:23:18","guid":{"rendered":"http:\/\/letaliscedivaca.si\/?page_id=5"},"modified":"2021-06-24T14:23:24","modified_gmt":"2021-06-24T14:23:24","slug":"5-2","status":"publish","type":"page","link":"https:\/\/letaliscedivaca.si\/","title":{"rendered":"Letali\u0161\u010de"},"content":{"rendered":"<p style=\"text-align: center;\"><img decoding=\"async\" src=\"https:\/\/www.drsc.si\/kamere\/KamSlike\/Divaca\/slike\/Div1_0001.jpg\" alt=\"Live WebCam\" \/><\/p>\n<p>Location: N 45\u00b0 40&#8242; 58&#8221; E 014\u00b0 00&#8242; 05&#8221;, H = 429 m<\/p>\n<h2>PODATKI ZA PILOTE<\/h2>\n<p>AIRPORT DIVACA (LJDI) INFO (123,505 MHZ)<\/p>\n<p>Loc: N 45.41 E 014.03, 10 NM rad 315 ILB (VOR DME)<\/p>\n<p>RWY 31\/13 TODA 774&#215;18 m asphalt<\/p>\n<p>RWY 29\/11 TODA 750&#215;40 m grass<\/p>\n<div class=\"row\">\n<div class=\"column\">\n<h5>Vremenske postaje<\/h5>\n<p><img decoding=\"async\" id=\"imgWeather\" class=\"airImg\" style=\"width: 100%;\" src=\"\/wp-content\/uploads\/2021\/06\/SlikaVremenske.png\" \/><\/p>\n<\/div>\n<div class=\"column\">\n<h5>Bli\u017enja letali\u0161\u010da<\/h5>\n<p><img decoding=\"async\" id=\"imgAirport\" class=\"airImg\" style=\"width: 100%;\" src=\"\/wp-content\/uploads\/2021\/06\/SlikaLetalisca.png\" \/><\/p>\n<\/div>\n<div class=\"column\">\n<h5>\u0160olski krog<\/h5>\n<p><img decoding=\"async\" id=\"imgSchoolRound\" class=\"airImg\" style=\"width: 100%;\" src=\"\/wp-content\/uploads\/2021\/06\/SlikaSolskiKrog2.png\" \/><\/p>\n<\/div>\n<div class=\"column\">\n<h5>Arso letalstvo<\/h5>\n<p><a href=\"http:\/\/meteo.arso.gov.si\/met\/sl\/aviation\/\" target=\"popup\" rel=\"noopener\"><img decoding=\"async\" id=\"imgArsoPlanes\" class=\"\" style=\"width: 100%;\" src=\"\/wp-content\/uploads\/2021\/06\/Letala_vreme.png\" \/><\/a><\/p>\n<\/div>\n<\/div>\n<div style=\"position: relative;\"><a href=\"http:\/\/meteo.arso.gov.si\/met\/sl\/aviation\/\" target=\"popup\" rel=\"noopener\"><img decoding=\"async\" id=\"imgMain\" style=\"width: 100%; height: 100%; z-index: 0;\" src=\"\/wp-content\/uploads\/2021\/06\/SlikaVremenske.png\" \/><\/a><\/p>\n<p><img decoding=\"async\" id=\"imgNorth\" style=\"width: 10%; position: absolute; top: 10px; left: 10px; z-index: 1;\" src=\"\/wp-content\/uploads\/2021\/06\/SpletDivaca_Sever.png\" \/><\/p>\n<div class=\"weatherStations\" style=\"position: absolute; top: 51%; left: 2%; line-height: 3px;\"><a href=\"https:\/\/vreme.arso.gov.si\/napoved\/Se%C5%BEana\/graf\" target=\"popup\" rel=\"noopener\"><br \/>\n<img decoding=\"async\" src=\"\/wp-content\/uploads\/2021\/06\/WeatherStationWithEdge.png\" width=\"30\" \/><br \/>\n<\/a><\/div>\n<div class=\"weatherStations\" style=\"position: absolute; top: 0%; left: 37%; line-height: 3px;\"><a href=\"https:\/\/vreme.arso.gov.si\/napoved\/Podnanos\/graf\" target=\"popup\" rel=\"noopener\"><br \/>\n<img decoding=\"async\" src=\"\/wp-content\/uploads\/2021\/06\/WeatherStationWithEdge.png\" width=\"30\" \/><br \/>\n<\/a><\/div>\n<div class=\"weatherStations\" style=\"position: absolute; top: 16%; left: 91%; line-height: 3px;\"><a href=\"https:\/\/vreme.arso.gov.si\/napoved\/Postojna\/graf\" target=\"popup\" rel=\"noopener\"><br \/>\n<img decoding=\"async\" src=\"\/wp-content\/uploads\/2021\/06\/WeatherStationWithEdge.png\" width=\"30\" \/><br \/>\n<\/a><\/div>\n<div class=\"weatherStations\" style=\"position: absolute; top: 70%; left: 32%; line-height: 3px;\"><a href=\"https:\/\/vreme.arso.gov.si\/napoved\/Park%20%C5%A0kocjanske%20jame\/graf\" target=\"popup\" rel=\"noopener\"><br \/>\n<img decoding=\"async\" src=\"\/wp-content\/uploads\/2021\/06\/WeatherStationWithEdge.png\" width=\"30\" \/><br \/>\n<\/a><\/div>\n<div class=\"weatherStations\" style=\"position: absolute; top: 91%; left: 60%; line-height: 3px;\"><a href=\"https:\/\/vreme.arso.gov.si\/napoved\/Tatre\/graf\" target=\"popup\" rel=\"noopener\"><br \/>\n<img decoding=\"async\" src=\"\/wp-content\/uploads\/2021\/06\/WeatherStationWithEdge.png\" width=\"30\" \/><br \/>\n<\/a><\/div>\n<div class=\"weatherStations\" style=\"position: absolute; top: 18%; left: 50%; line-height: 3px;\"><a href=\"https:\/\/vreme.arso.gov.si\/napoved\/Nanos\/graf\" target=\"popup\" rel=\"noopener\"><br \/>\n<img decoding=\"async\" src=\"\/wp-content\/uploads\/2021\/06\/WeatherStationWithEdge.png\" width=\"30\" \/><br \/>\n<\/a><\/div>\n<div class=\"weatherStations\" style=\"position: absolute; top: 78%; left: 96%; line-height: 3px;\"><a href=\"https:\/\/vreme.arso.gov.si\/napoved\/Jur%C5%A1%C4%8De\/graf\" target=\"popup\" rel=\"noopener\"><br \/>\n<img decoding=\"async\" src=\"\/wp-content\/uploads\/2021\/06\/WeatherStationWithEdge.png\" width=\"30\" \/><br \/>\n<\/a><\/div>\n<div id=\"virARSO\" style=\"position: absolute; top: 540px; left: 740px;\">Vir: ARSO<\/div>\n<\/div>\n<p><!--\n\n\n<div id=\"virARSO\" style=\"position:relative;\">Vir: ARSO<\/div>\n\n\n\n\n<div class=\"row\">\n\n\n<div class=\"column\"><img decoding=\"async\" id=\"imgWeather\" class=\"airImg\" style=\"width: 100%;\" src=\"\/wp-content\/uploads\/2021\/06\/SlikaVremenske.png\"\/>\n\n\n<h5>Vremenske postaje<\/h5>\n\n\n<\/div>\n\n\n\n\n<div class=\"column\"><img decoding=\"async\" id=\"imgAirport\" class=\"airImg\" style=\"width: 100%;\" src=\"\/wp-content\/uploads\/2021\/06\/SlikaLetalisca.png\"\/>\n\n\n<h5>Bli\u017enja letali\u0161\u010da<\/h5>\n\n\n<\/div>\n\n\n\n\n<div class=\"column\"><img decoding=\"async\" id=\"imgSchoolRound\" class=\"airImg\" style=\"width: 100%;\" src=\"\/wp-content\/uploads\/2021\/06\/SlikaSolskiKrog2.png\"\/>\n\n\n<h5>\u0160olski krog<\/h5>\n\n\n<\/div>\n\n\n<\/div>\n\n\n--><\/p>\n","protected":false},"excerpt":{"rendered":"<p>Location: N 45\u00b0 40&#8242; 58&#8221; E 014\u00b0 00&#8242; 05&#8221;, H = 429 m PODATKI ZA PILOTE AIRPORT DIVACA (LJDI) INFO (123,505 MHZ) Loc: N 45.41 E 014.03, 10 NM rad 315 ILB (VOR DME) RWY 31\/13 TODA 774&#215;18 m asphalt RWY 29\/11 TODA 750&#215;40 m grass Vremenske postaje Bli\u017enja letali\u0161\u010da \u0160olski krog Arso letalstvo Vir:&hellip;<\/p>\n","protected":false},"author":1,"featured_media":0,"parent":0,"menu_order":0,"comment_status":"closed","ping_status":"closed","template":"","meta":{"footnotes":""},"class_list":["post-5","page","type-page","status-publish","hentry"],"_links":{"self":[{"href":"https:\/\/letaliscedivaca.si\/index.php?rest_route=\/wp\/v2\/pages\/5","targetHints":{"allow":["GET"]}}],"collection":[{"href":"https:\/\/letaliscedivaca.si\/index.php?rest_route=\/wp\/v2\/pages"}],"about":[{"href":"https:\/\/letaliscedivaca.si\/index.php?rest_route=\/wp\/v2\/types\/page"}],"author":[{"embeddable":true,"href":"https:\/\/letaliscedivaca.si\/index.php?rest_route=\/wp\/v2\/users\/1"}],"replies":[{"embeddable":true,"href":"https:\/\/letaliscedivaca.si\/index.php?rest_route=%2Fwp%2Fv2%2Fcomments&post=5"}],"version-history":[{"count":16,"href":"https:\/\/letaliscedivaca.si\/index.php?rest_route=\/wp\/v2\/pages\/5\/revisions"}],"predecessor-version":[{"id":310,"href":"https:\/\/letaliscedivaca.si\/index.php?rest_route=\/wp\/v2\/pages\/5\/revisions\/310"}],"wp:attachment":[{"href":"https:\/\/letaliscedivaca.si\/index.php?rest_route=%2Fwp%2Fv2%2Fmedia&parent=5"}],"curies":[{"name":"wp","href":"https:\/\/api.w.org\/{rel}","templated":true}]}}